{"id":268,"date":"2025-10-18T23:31:51","date_gmt":"2025-10-18T22:31:51","guid":{"rendered":"https:\/\/europlusmontenegro.me\/?page_id=268"},"modified":"2025-12-23T00:33:54","modified_gmt":"2025-12-22T23:33:54","slug":"kontakt","status":"publish","type":"page","link":"https:\/\/europlusmontenegro.me\/en\/kontakt\/","title":{"rendered":"Contact"},"content":{"rendered":"<div class=\"brz brz-root__container brz-reset-all brz-root__container-page\">\n<section id=\"gdIy2JGZzF1I_gdIy2JGZzF1I\" class=\"brz-section brz-css-1ynfqk4 brz-css-1l0zkmf\">\n<div class=\"brz-section__content brz-section--fullWidth brz-css-5rmx4z brz-css-o8rzen\" data-brz-custom-id=\"t3FFpmD33Ofu\">\n<div class=\"brz-container brz-css-17y4cac brz-css-lk6d26\">\n<div class=\"brz-row__container brz-css-166poq0 brz-css-nv3mvs\" data-brz-custom-id=\"zaGYEupVWXp6\">\n<div class=\"brz-row brz-css-1uvvhx9 brz-css-1nei0hf brz-css-600lvm\">\n<div class=\"brz-columns brz-css-f1n57c brz-css-18a719w\" data-brz-custom-id=\"pufZ_AVt0Jwe\">\n<div class=\"brz-column__items brz-css-e4aesv brz-css-1qcnfe9\">\n<div id=\"\" class=\"brz-css-1pkdpir brz-css-1y5ub5g brz-wrapper\">\n<div class=\"brz-rich-text brz-rich-text__custom brz-css-e4osmg brz-css-kepg25\" data-brz-custom-id=\"fockKp8dfaEv\">\n<div data-brz-translate-text=\"1\">\n<h3 class=\"brz-tp-lg-heading3 brz-css-riC9e\" data-generated-css=\"brz-css-oRT2L\" data-uniq-id=\"dmOG6\"><span class=\"brz-cp-color2\">Get in touch with us \u2013 <\/span><\/h3>\n<h3 class=\"brz-tp-lg-heading3 brz-css-jHExB\" data-generated-css=\"brz-css-oRT2L\" data-uniq-id=\"dmOG6\"><span class=\"brz-cp-color2\">the first step towards safe business<\/span><\/h3>\n<\/div>\n<\/div>\n<\/div>\n<div id=\"\" class=\"brz-css-1pkdpir brz-css-1f90ije brz-wrapper\">\n<div class=\"brz-rich-text brz-rich-text__custom brz-css-e4osmg brz-css-1kzvj1q\" data-brz-custom-id=\"ozVpGXblYzf2\">\n<div data-brz-translate-text=\"1\">\n<p class=\"brz-tp-lg-paragraph brz-css-bUAld\" data-uniq-id=\"d7sLY\" data-generated-css=\"brz-css-bsAf_\"><span class=\"brz-cp-color7\">Regardless of whether you are just planning to start a company, you already run an established business or you need help with certain documentation, we are here to help you. Our team is happy to answer all your questions, give clear advice and provide support tailored to your business.<\/span><\/p>\n<p class=\"brz-tp-lg-paragraph brz-css-g4IJv\" data-uniq-id=\"d7sLY\" data-generated-css=\"brz-css-bsAf_\"><span class=\"brz-cp-color7\">Contact us by phone, email or via the online form - you will get a quick, simple and uncomplicated answer. The first conversation does not cost you anything, and it can bring you security and clarity in business.<\/span><\/p>\n<\/div>\n<\/div>\n<\/div>\n<\/div>\n<\/div>\n<\/div>\n<\/div>\n<div id=\"\" class=\"brz-css-1pkdpir brz-css-fbihps brz-css-14fg1df brz-wrapper\">\n<div class=\"brz-spacer brz-css-yvboy3 brz-css-wc7tl4\"><\/div>\n<\/div>\n<div id=\"\" class=\"brz-css-1pkdpir brz-css-l1e45k brz-wrapper\">\n<div class=\"brz-line brz-line-default brz-css-soruiq brz-css-cgn5ji\" data-brz-custom-id=\"sze2luJT6u4j\">\n<hr class=\"brz-hr\"><\/div>\n<\/div>\n<\/div>\n<\/div>\n<\/section>\n<section id=\"xN0NkKEXJOct_xN0NkKEXJOct\" class=\"brz-section brz-css-18lqo5t brz-css-13ech4g\">\n<div class=\"brz-section__content brz-section--fullWidth brz-css-g1qnhm brz-css-25pr7l\" data-brz-custom-id=\"z6LdZH3h3bAj\">\n<div class=\"brz-container brz-css-k4nwvx brz-css-1fxc7te\">\n<div class=\"brz-row__container brz-css-x5qjbr brz-css-111aze2\" data-brz-custom-id=\"e8TbGO1ol2oE\">\n<div class=\"brz-row brz-css-1i2jtqx brz-css-3w3skt brz-css-gkp96\">\n<div class=\"brz-columns brz-css-xx5u9a brz-css-r2a8kh\" data-brz-custom-id=\"npf1dcI6uuul\">\n<div class=\"brz-column__items brz-css-xtuu3l brz-css-cstgot\">\n<div id=\"\" class=\"brz-css-sviw7a brz-css-1h14bbh brz-wrapper\">\n<div class=\"brz-rich-text brz-rich-text__custom brz-css-1y19se4 brz-css-1r8lwz3\" data-brz-custom-id=\"ynUFRHejaWpr\">\n<div data-brz-translate-text=\"1\">\n<h3 class=\"brz-mt-xs-10 brz-tp-lg-heading3 brz-css-ia6lY\" data-generated-css=\"brz-css-t1d1y\" data-uniq-id=\"wL4AT\"><span class=\"brz-cp-color2\">Let's stay in touch. <\/span><span class=\"brz-cp-color2\">\u2013<\/span><\/h3>\n<h3 class=\"brz-mt-xs-10 brz-tp-lg-heading3 brz-css-nMSkf\" data-generated-css=\"brz-css-bqNXD\" data-uniq-id=\"qOjMB\"><span class=\"brz-cp-color2\">We are here for all your questions.<\/span><\/h3>\n<\/div>\n<\/div>\n<\/div>\n<div id=\"\" class=\"brz-css-sviw7a brz-css-1ufwabn brz-css-r78f5u brz-wrapper\">\n<div class=\"brz-spacer brz-css-1aa31l4 brz-css-gnpe97\"><\/div>\n<\/div>\n<div id=\"\" class=\"brz-css-sviw7a brz-css-1w5vhrp brz-wrapper\">\n<div class=\"brz-rich-text brz-rich-text__custom brz-css-1y19se4 brz-css-uo98xo\" data-brz-custom-id=\"hmaZJ_4GUvwD\">\n<div data-brz-translate-text=\"1\">\n<h6 class=\"brz-tp-lg-heading6 brz-css-uPZ5x\" data-generated-css=\"brz-css-yRAuH\" data-uniq-id=\"oS194\"><span class=\"brz-cp-color2\">Phone<\/span><\/h6>\n<\/div>\n<\/div>\n<\/div>\n<div id=\"\" class=\"brz-css-sviw7a brz-css-nmbj8m brz-wrapper\">\n<div class=\"brz-rich-text brz-rich-text__custom brz-css-1y19se4 brz-css-14wnekv\" data-brz-custom-id=\"tK6JmQBmuiUo\">\n<div data-brz-translate-text=\"1\">\n<p class=\"brz-tp-lg-paragraph brz-css-q50pQ\" data-generated-css=\"brz-css-tltZc\" data-uniq-id=\"zUMJn\"><a class=\"brz-cp-color7 link--external\" href=\"tel:0038268056230\" data-brz-link-type=\"external\">+38268056230<\/a><\/p>\n<\/div>\n<\/div>\n<\/div>\n<div id=\"\" class=\"brz-css-sviw7a brz-css-1ufwabn brz-css-5rp6rj brz-wrapper\">\n<div class=\"brz-spacer brz-css-1aa31l4 brz-css-1wqwg6b\"><\/div>\n<\/div>\n<div id=\"\" class=\"brz-css-sviw7a brz-css-y3gn2 brz-wrapper\">\n<div class=\"brz-rich-text brz-rich-text__custom brz-css-1y19se4 brz-css-2huz63\" data-brz-custom-id=\"f8R2ogE4zEGC\">\n<div data-brz-translate-text=\"1\">\n<h6 class=\"brz-tp-lg-heading6 brz-css-wBjst\" data-generated-css=\"brz-css-o7paU\" data-uniq-id=\"m9GYS\"><span class=\"brz-cp-color2\">Email<\/span><\/h6>\n<\/div>\n<\/div>\n<\/div>\n<div id=\"\" class=\"brz-css-sviw7a brz-css-1gnghoc brz-wrapper\">\n<div class=\"brz-rich-text brz-rich-text__custom brz-css-1y19se4 brz-css-1vl02vn\" data-brz-custom-id=\"nufQ8qmONfeR\">\n<div data-brz-translate-text=\"1\">\n<p class=\"brz-tp-lg-paragraph brz-css-xUlMZ\" data-generated-css=\"brz-css-yrQmR\" data-uniq-id=\"sQFAa\"><a class=\"brz-cp-color7 link--external\" href=\"mailto:\" data-brz-link-type=\"external\">europlusmontenegro@t-com.me<\/a><\/p>\n<\/div>\n<\/div>\n<\/div>\n<div id=\"\" class=\"brz-css-sviw7a brz-css-u7j2xk brz-wrapper\">\n<div class=\"brz-rich-text brz-rich-text__custom brz-css-1y19se4 brz-css-13tywtd\" data-brz-custom-id=\"ryEGm5J_NetP\">\n<div data-brz-translate-text=\"1\">\n<h6 class=\"brz-tp-lg-heading6 brz-css-eVI9M\" data-uniq-id=\"hOF1f\" data-generated-css=\"brz-css-ed1P3\"><span class=\"brz-cp-color2\">Address<\/span><\/h6>\n<\/div>\n<\/div>\n<\/div>\n<div id=\"\" class=\"brz-css-sviw7a brz-css-1d8d4uj brz-wrapper\">\n<div class=\"brz-rich-text brz-rich-text__custom brz-css-1y19se4 brz-css-1s4stys\" data-brz-custom-id=\"nnA70G6QcIZ0\">\n<div data-brz-translate-text=\"1\">\n<p class=\"brz-tp-lg-paragraph brz-css-vjZl4\" data-generated-css=\"brz-css-o1m53\" data-uniq-id=\"jg7WE\"><span class=\"brz-cp-color7\">Adriatic Highway 80D, Bijela, Herceg Novi<\/span><\/p>\n<p class=\"brz-tp-lg-paragraph brz-css-fMVzR\" data-generated-css=\"brz-css-nUfP9\" data-uniq-id=\"oTmp9\"><span class=\"brz-cp-color7\">Boulevard Veljko Vlahovi\u0107a, lamella B, apartment 3, Podgorica<\/span><\/p>\n<\/div>\n<\/div>\n<\/div>\n<div id=\"\" class=\"brz-css-sviw7a brz-css-1ufwabn brz-css-1ces2tu brz-wrapper\">\n<div class=\"brz-spacer brz-css-1aa31l4 brz-css-10vr8u4\"><\/div>\n<\/div>\n<\/div>\n<\/div>\n<div class=\"brz-columns brz-css-xx5u9a brz-css-1ffe373\" data-brz-custom-id=\"qC3369hrbZbv\">\n<div class=\"brz-column__items brz-css-xtuu3l brz-css-9fhph8\">\n<div id=\"\" class=\"brz-css-sviw7a brz-css-1hh99gh brz-wrapper\">\n<div data-brz-form-version=\"2\" class=\"brz-forms2 brz-css-18geu5u brz-css-1akvqyd\" data-brz-custom-id=\"e2yBxexmFq8K\">\n<div data-brz-translate-text=\"1\" class=\"brz-forms2__item brz-css-13u7pp4 brz-css-ijbaoe brz-css-yvaauo brz-css-1a1r26v\"><\/div>\n<div data-brz-translate-text=\"1\" class=\"brz-forms2__item brz-css-13u7pp4 brz-css-ijbaoe brz-css-yvaauo brz-css-19q1vrm\"><\/div>\n<div data-brz-translate-text=\"1\" class=\"brz-forms2__item brz-css-13u7pp4 brz-css-ijbaoe brz-css-yvaauo brz-css-11m2huo\"><\/div>\n<div data-brz-translate-text=\"1\" class=\"brz-forms2__item brz-css-13u7pp4 brz-css-ijbaoe brz-css-yvaauo brz-css-373moo\"><\/div>\n<div data-brz-translate-text=\"1\" class=\"brz-forms2__item brz-css-13u7pp4 brz-css-ijbaoe brz-css-yvaauo brz-css-h6sbp\"><textarea id=\"bfvUC75C1b4g_bb6c88b6d7c60d0623a2\" name=\"zJjANw8XdLGP\" data-brz-type=\"Paragraph\" data-brz-label=\"Va\u0161a poruka\" data-brz-placeholder=\"Va\u0161a poruka\" class=\"brz-textarea brz-forms2__field brz-forms2__field-paragraph\"><\/textarea><\/div>\n<div class=\"brz-forms2 brz-forms2__item brz-forms2__item-button\" data-brz-custom-id=\"e2yBxexmFq8K\"><button class=\"brz-btn brz-btn-submit brz-css-1xmzroa brz-css-1wfcz8t\" data-brz-custom-id=\"ocZm9bc9DHkD\"><span data-brz-translate-text=\"1\" class=\"brz-span brz-text__editor\">Send<\/span><\/button><\/div>\n<div class=\"brz-g-recaptcha\" data-sitekey=\"\" data-size=\"invisible\" data-callback=\"brzFormV2Captcha\"><\/div>\n<\/div>\n<\/div>\n<\/div>\n<\/div>\n<\/div>\n<\/div>\n<\/div>\n<\/div>\n<\/section><\/div>\n<p><!-- version:1761001261 --><\/p>","protected":false},"excerpt":{"rendered":"<p>Stupite u kontakt sa nama \u2013 prvi korak ka sigurnom poslovanju Bez obzira da li tek planirate osnivanje firme, ve\u0107 vodite uhodan biznis ili vam je potrebna pomo\u0107 oko odre\u0111ene dokumentacije, tu smo da vam pomognemo. Na\u0161 tim rado odgovara na sva va\u0161a pitanja, daje jasne savjete i pru\u017ea podr\u0161ku prilago\u0111enu upravo va\u0161em poslovanju. Kontaktirajte&hellip; <a class=\"more-link\" href=\"https:\/\/europlusmontenegro.me\/en\/kontakt\/\">Continue reading <span class=\"screen-reader-text\">Contact<\/span><\/a><\/p>","protected":false},"author":1,"featured_media":0,"parent":0,"menu_order":0,"comment_status":"closed","ping_status":"closed","template":"brizy-blank-template.php","meta":{"footnotes":""},"class_list":["post-268","page","type-page","status-publish","hentry","entry"],"yoast_head":"<!-- This site is optimized with the Yoast SEO plugin v26.6 - https:\/\/yoast.com\/wordpress\/plugins\/seo\/ -->\n<title>Kontakt - Euro plus Montenegro<\/title>\n<meta name=\"description\" content=\"Kontaktirajte Euro Plus Montenegro \u2013 ra\u010dunovodstvenu firmu u Podgorici i Herceg Novom. Pozovite, po\u0161aljite mejl ili popunite online formu.\" \/>\n<meta name=\"robots\" content=\"index, follow, max-snippet:-1, max-image-preview:large, max-video-preview:-1\" \/>\n<link rel=\"canonical\" href=\"https:\/\/europlusmontenegro.me\/en\/kontakt\/\" \/>\n<meta property=\"og:locale\" content=\"en_GB\" \/>\n<meta property=\"og:type\" content=\"article\" \/>\n<meta property=\"og:title\" content=\"Kontakt - Euro plus Montenegro\" \/>\n<meta property=\"og:description\" content=\"Kontaktirajte Euro Plus Montenegro \u2013 ra\u010dunovodstvenu firmu u Podgorici i Herceg Novom. Pozovite, po\u0161aljite mejl ili popunite online formu.\" \/>\n<meta property=\"og:url\" content=\"https:\/\/europlusmontenegro.me\/en\/kontakt\/\" \/>\n<meta property=\"og:site_name\" content=\"Euro plus Montenegro\" \/>\n<meta property=\"article:modified_time\" content=\"2025-12-22T23:33:54+00:00\" \/>\n<meta name=\"twitter:card\" content=\"summary_large_image\" \/>\n<meta name=\"twitter:label1\" content=\"Estimated reading time\" \/>\n\t<meta name=\"twitter:data1\" content=\"1 minute\" \/>\n<script type=\"application\/ld+json\" class=\"yoast-schema-graph\">{\"@context\":\"https:\/\/schema.org\",\"@graph\":[{\"@type\":\"WebPage\",\"@id\":\"https:\/\/europlusmontenegro.me\/kontakt\/\",\"url\":\"https:\/\/europlusmontenegro.me\/kontakt\/\",\"name\":\"Kontakt - Euro plus Montenegro\",\"isPartOf\":{\"@id\":\"https:\/\/europlusmontenegro.me\/#website\"},\"datePublished\":\"2025-10-18T22:31:51+00:00\",\"dateModified\":\"2025-12-22T23:33:54+00:00\",\"description\":\"Kontaktirajte Euro Plus Montenegro \u2013 ra\u010dunovodstvenu firmu u Podgorici i Herceg Novom. Pozovite, po\u0161aljite mejl ili popunite online formu.\",\"breadcrumb\":{\"@id\":\"https:\/\/europlusmontenegro.me\/kontakt\/#breadcrumb\"},\"inLanguage\":\"en-GB\",\"potentialAction\":[{\"@type\":\"ReadAction\",\"target\":[\"https:\/\/europlusmontenegro.me\/kontakt\/\"]}]},{\"@type\":\"BreadcrumbList\",\"@id\":\"https:\/\/europlusmontenegro.me\/kontakt\/#breadcrumb\",\"itemListElement\":[{\"@type\":\"ListItem\",\"position\":1,\"name\":\"Home\",\"item\":\"https:\/\/europlusmontenegro.me\/\"},{\"@type\":\"ListItem\",\"position\":2,\"name\":\"Kontakt\"}]},{\"@type\":\"WebSite\",\"@id\":\"https:\/\/europlusmontenegro.me\/#website\",\"url\":\"https:\/\/europlusmontenegro.me\/\",\"name\":\"Euro plus Montenegro\",\"description\":\"Knjigovodstvena agencija Herceg Novi, Podgorica\",\"publisher\":{\"@id\":\"https:\/\/europlusmontenegro.me\/#organization\"},\"potentialAction\":[{\"@type\":\"SearchAction\",\"target\":{\"@type\":\"EntryPoint\",\"urlTemplate\":\"https:\/\/europlusmontenegro.me\/?s={search_term_string}\"},\"query-input\":{\"@type\":\"PropertyValueSpecification\",\"valueRequired\":true,\"valueName\":\"search_term_string\"}}],\"inLanguage\":\"en-GB\"},{\"@type\":\"Organization\",\"@id\":\"https:\/\/europlusmontenegro.me\/#organization\",\"name\":\"Euro plus Montenegro\",\"url\":\"https:\/\/europlusmontenegro.me\/\",\"logo\":{\"@type\":\"ImageObject\",\"inLanguage\":\"en-GB\",\"@id\":\"https:\/\/europlusmontenegro.me\/#\/schema\/logo\/image\/\",\"url\":\"https:\/\/europlusmontenegro.me\/wp-content\/uploads\/2025\/10\/Screenshot-2025-10-18-134736.png\",\"contentUrl\":\"https:\/\/europlusmontenegro.me\/wp-content\/uploads\/2025\/10\/Screenshot-2025-10-18-134736.png\",\"width\":1560,\"height\":390,\"caption\":\"Euro plus Montenegro\"},\"image\":{\"@id\":\"https:\/\/europlusmontenegro.me\/#\/schema\/logo\/image\/\"}}]}<\/script>\n<!-- \/ Yoast SEO plugin. -->","yoast_head_json":{"title":"Kontakt - Euro plus Montenegro","description":"Kontaktirajte Euro Plus Montenegro \u2013 ra\u010dunovodstvenu firmu u Podgorici i Herceg Novom. Pozovite, po\u0161aljite mejl ili popunite online formu.","robots":{"index":"index","follow":"follow","max-snippet":"max-snippet:-1","max-image-preview":"max-image-preview:large","max-video-preview":"max-video-preview:-1"},"canonical":"https:\/\/europlusmontenegro.me\/en\/kontakt\/","og_locale":"en_GB","og_type":"article","og_title":"Kontakt - Euro plus Montenegro","og_description":"Kontaktirajte Euro Plus Montenegro \u2013 ra\u010dunovodstvenu firmu u Podgorici i Herceg Novom. Pozovite, po\u0161aljite mejl ili popunite online formu.","og_url":"https:\/\/europlusmontenegro.me\/en\/kontakt\/","og_site_name":"Euro plus Montenegro","article_modified_time":"2025-12-22T23:33:54+00:00","twitter_card":"summary_large_image","twitter_misc":{"Estimated reading time":"1 minute"},"schema":{"@context":"https:\/\/schema.org","@graph":[{"@type":"WebPage","@id":"https:\/\/europlusmontenegro.me\/kontakt\/","url":"https:\/\/europlusmontenegro.me\/kontakt\/","name":"Kontakt - Euro plus Montenegro","isPartOf":{"@id":"https:\/\/europlusmontenegro.me\/#website"},"datePublished":"2025-10-18T22:31:51+00:00","dateModified":"2025-12-22T23:33:54+00:00","description":"Kontaktirajte Euro Plus Montenegro \u2013 ra\u010dunovodstvenu firmu u Podgorici i Herceg Novom. Pozovite, po\u0161aljite mejl ili popunite online formu.","breadcrumb":{"@id":"https:\/\/europlusmontenegro.me\/kontakt\/#breadcrumb"},"inLanguage":"en-GB","potentialAction":[{"@type":"ReadAction","target":["https:\/\/europlusmontenegro.me\/kontakt\/"]}]},{"@type":"BreadcrumbList","@id":"https:\/\/europlusmontenegro.me\/kontakt\/#breadcrumb","itemListElement":[{"@type":"ListItem","position":1,"name":"Home","item":"https:\/\/europlusmontenegro.me\/"},{"@type":"ListItem","position":2,"name":"Kontakt"}]},{"@type":"WebSite","@id":"https:\/\/europlusmontenegro.me\/#website","url":"https:\/\/europlusmontenegro.me\/","name":"Euro plus Montenegro","description":"Knjigovodstvena agencija Herceg Novi, Podgorica","publisher":{"@id":"https:\/\/europlusmontenegro.me\/#organization"},"potentialAction":[{"@type":"SearchAction","target":{"@type":"EntryPoint","urlTemplate":"https:\/\/europlusmontenegro.me\/?s={search_term_string}"},"query-input":{"@type":"PropertyValueSpecification","valueRequired":true,"valueName":"search_term_string"}}],"inLanguage":"en-GB"},{"@type":"Organization","@id":"https:\/\/europlusmontenegro.me\/#organization","name":"Euro plus Montenegro","url":"https:\/\/europlusmontenegro.me\/","logo":{"@type":"ImageObject","inLanguage":"en-GB","@id":"https:\/\/europlusmontenegro.me\/#\/schema\/logo\/image\/","url":"https:\/\/europlusmontenegro.me\/wp-content\/uploads\/2025\/10\/Screenshot-2025-10-18-134736.png","contentUrl":"https:\/\/europlusmontenegro.me\/wp-content\/uploads\/2025\/10\/Screenshot-2025-10-18-134736.png","width":1560,"height":390,"caption":"Euro plus Montenegro"},"image":{"@id":"https:\/\/europlusmontenegro.me\/#\/schema\/logo\/image\/"}}]}},"brizy_media":[],"_links":{"self":[{"href":"https:\/\/europlusmontenegro.me\/en\/wp-json\/wp\/v2\/pages\/268","targetHints":{"allow":["GET"]}}],"collection":[{"href":"https:\/\/europlusmontenegro.me\/en\/wp-json\/wp\/v2\/pages"}],"about":[{"href":"https:\/\/europlusmontenegro.me\/en\/wp-json\/wp\/v2\/types\/page"}],"author":[{"embeddable":true,"href":"https:\/\/europlusmontenegro.me\/en\/wp-json\/wp\/v2\/users\/1"}],"replies":[{"embeddable":true,"href":"https:\/\/europlusmontenegro.me\/en\/wp-json\/wp\/v2\/comments?post=268"}],"version-history":[{"count":20,"href":"https:\/\/europlusmontenegro.me\/en\/wp-json\/wp\/v2\/pages\/268\/revisions"}],"predecessor-version":[{"id":531,"href":"https:\/\/europlusmontenegro.me\/en\/wp-json\/wp\/v2\/pages\/268\/revisions\/531"}],"wp:attachment":[{"href":"https:\/\/europlusmontenegro.me\/en\/wp-json\/wp\/v2\/media?parent=268"}],"curies":[{"name":"wp","href":"https:\/\/api.w.org\/{rel}","templated":true}]}}